{"id":193,"date":"2013-04-25T07:12:48","date_gmt":"2013-04-25T07:12:48","guid":{"rendered":"http:\/\/ssskskola.edu.ba\/?page_id=193"},"modified":"2013-04-25T07:12:48","modified_gmt":"2013-04-25T07:12:48","slug":"skolske-sluzbe","status":"publish","type":"page","link":"https:\/\/ssskskola.edu.ba\/?page_id=193","title":{"rendered":"\u0160KOLSKE SLU\u017dBE"},"content":{"rendered":"<div>\n<p>\u0160KOLU \u010cINE SLJEDE\u0106E CJELINE:<\/p>\n<ol>\n<li>UPRAVA \u0160KOLE<\/li>\n<li>STRU\u010cNE SLU\u017dBE \u0160KOLE<\/li>\n<li>NASTAVNI\u010cKO VIJE\u0106E<\/li>\n<\/ol>\n<\/div>\n","protected":false},"excerpt":{"rendered":"<p>\u0160KOLU \u010cINE SLJEDE\u0106E CJELINE: UPRAVA \u0160KOLE STRU\u010cNE SLU\u017dBE \u0160KOLE NASTAVNI\u010cKO VIJE\u0106E<\/p>\n","protected":false},"author":1,"featured_media":0,"parent":0,"menu_order":6,"comment_status":"closed","ping_status":"closed","template":"","meta":{"footnotes":""},"class_list":["post-193","page","type-page","status-publish","hentry"],"jetpack_sharing_enabled":true,"_links":{"self":[{"href":"https:\/\/ssskskola.edu.ba\/index.php?rest_route=\/wp\/v2\/pages\/193","targetHints":{"allow":["GET"]}}],"collection":[{"href":"https:\/\/ssskskola.edu.ba\/index.php?rest_route=\/wp\/v2\/pages"}],"about":[{"href":"https:\/\/ssskskola.edu.ba\/index.php?rest_route=\/wp\/v2\/types\/page"}],"author":[{"embeddable":true,"href":"https:\/\/ssskskola.edu.ba\/index.php?rest_route=\/wp\/v2\/users\/1"}],"replies":[{"embeddable":true,"href":"https:\/\/ssskskola.edu.ba\/index.php?rest_route=%2Fwp%2Fv2%2Fcomments&post=193"}],"version-history":[{"count":0,"href":"https:\/\/ssskskola.edu.ba\/index.php?rest_route=\/wp\/v2\/pages\/193\/revisions"}],"wp:attachment":[{"href":"https:\/\/ssskskola.edu.ba\/index.php?rest_route=%2Fwp%2Fv2%2Fmedia&parent=193"}],"curies":[{"name":"wp","href":"https:\/\/api.w.org\/{rel}","templated":true}]}}