{"id":198,"date":"2013-04-25T07:15:18","date_gmt":"2013-04-25T07:15:18","guid":{"rendered":"http:\/\/ssskskola.edu.ba\/?page_id=198"},"modified":"2013-04-25T07:15:18","modified_gmt":"2013-04-25T07:15:18","slug":"uprava-skole","status":"publish","type":"page","link":"https:\/\/ssskskola.edu.ba\/?page_id=198","title":{"rendered":"UPRAVA \u0160KOLE"},"content":{"rendered":"<div>\n<p>UPRAVU \u0160KOLE \u010cINE:<\/p>\n<ol>\n<li>\u0160KOLSKI ODBOR<\/li>\n<li>DIREKTOR<\/li>\n<li>POMO\u0106NICI DIREKTORA<\/li>\n<\/ol>\n<\/div>\n","protected":false},"excerpt":{"rendered":"<p>UPRAVU \u0160KOLE \u010cINE: \u0160KOLSKI ODBOR DIREKTOR POMO\u0106NICI DIREKTORA<\/p>\n","protected":false},"author":1,"featured_media":0,"parent":193,"menu_order":0,"comment_status":"closed","ping_status":"closed","template":"","meta":{"footnotes":""},"class_list":["post-198","page","type-page","status-publish","hentry"],"jetpack_sharing_enabled":true,"_links":{"self":[{"href":"https:\/\/ssskskola.edu.ba\/index.php?rest_route=\/wp\/v2\/pages\/198","targetHints":{"allow":["GET"]}}],"collection":[{"href":"https:\/\/ssskskola.edu.ba\/index.php?rest_route=\/wp\/v2\/pages"}],"about":[{"href":"https:\/\/ssskskola.edu.ba\/index.php?rest_route=\/wp\/v2\/types\/page"}],"author":[{"embeddable":true,"href":"https:\/\/ssskskola.edu.ba\/index.php?rest_route=\/wp\/v2\/users\/1"}],"replies":[{"embeddable":true,"href":"https:\/\/ssskskola.edu.ba\/index.php?rest_route=%2Fwp%2Fv2%2Fcomments&post=198"}],"version-history":[{"count":0,"href":"https:\/\/ssskskola.edu.ba\/index.php?rest_route=\/wp\/v2\/pages\/198\/revisions"}],"up":[{"embeddable":true,"href":"https:\/\/ssskskola.edu.ba\/index.php?rest_route=\/wp\/v2\/pages\/193"}],"wp:attachment":[{"href":"https:\/\/ssskskola.edu.ba\/index.php?rest_route=%2Fwp%2Fv2%2Fmedia&parent=198"}],"curies":[{"name":"wp","href":"https:\/\/api.w.org\/{rel}","templated":true}]}}