{"id":228,"date":"2013-04-25T09:20:28","date_gmt":"2013-04-25T09:20:28","guid":{"rendered":"http:\/\/ssskskola.edu.ba\/?page_id=228"},"modified":"2013-04-25T09:20:28","modified_gmt":"2013-04-25T09:20:28","slug":"strucne-sluzbe","status":"publish","type":"page","link":"https:\/\/ssskskola.edu.ba\/?page_id=228","title":{"rendered":"STRU\u010cNE SLU\u017dBE"},"content":{"rendered":"<p>Stru\u010dne slu\u017ebe \u0161kole \u010dine:<\/p>\n<ol>\n<li>Administrativno-tehni\u010dka slu\u017eba<\/li>\n<li>Ra\u010dunovodstvo<\/li>\n<li>Pedago\u0161ka slu\u017eba<\/li>\n<li>Biblioteka<\/li>\n<li>Tehnika<\/li>\n<\/ol>\n<p>&nbsp;<\/p>\n","protected":false},"excerpt":{"rendered":"<p>Stru\u010dne slu\u017ebe \u0161kole \u010dine: Administrativno-tehni\u010dka slu\u017eba Ra\u010dunovodstvo Pedago\u0161ka slu\u017eba Biblioteka Tehnika &nbsp;<\/p>\n","protected":false},"author":1,"featured_media":0,"parent":193,"menu_order":1,"comment_status":"closed","ping_status":"closed","template":"","meta":{"footnotes":""},"class_list":["post-228","page","type-page","status-publish","hentry"],"jetpack_sharing_enabled":true,"_links":{"self":[{"href":"https:\/\/ssskskola.edu.ba\/index.php?rest_route=\/wp\/v2\/pages\/228","targetHints":{"allow":["GET"]}}],"collection":[{"href":"https:\/\/ssskskola.edu.ba\/index.php?rest_route=\/wp\/v2\/pages"}],"about":[{"href":"https:\/\/ssskskola.edu.ba\/index.php?rest_route=\/wp\/v2\/types\/page"}],"author":[{"embeddable":true,"href":"https:\/\/ssskskola.edu.ba\/index.php?rest_route=\/wp\/v2\/users\/1"}],"replies":[{"embeddable":true,"href":"https:\/\/ssskskola.edu.ba\/index.php?rest_route=%2Fwp%2Fv2%2Fcomments&post=228"}],"version-history":[{"count":0,"href":"https:\/\/ssskskola.edu.ba\/index.php?rest_route=\/wp\/v2\/pages\/228\/revisions"}],"up":[{"embeddable":true,"href":"https:\/\/ssskskola.edu.ba\/index.php?rest_route=\/wp\/v2\/pages\/193"}],"wp:attachment":[{"href":"https:\/\/ssskskola.edu.ba\/index.php?rest_route=%2Fwp%2Fv2%2Fmedia&parent=228"}],"curies":[{"name":"wp","href":"https:\/\/api.w.org\/{rel}","templated":true}]}}