{"id":232,"date":"2013-04-25T10:24:06","date_gmt":"2013-04-25T09:24:06","guid":{"rendered":"http:\/\/ssskskola.edu.ba\/?page_id=232"},"modified":"2019-12-26T22:04:40","modified_gmt":"2019-12-26T21:04:40","slug":"administrativno-tehnicka-sluzba","status":"publish","type":"page","link":"https:\/\/ssskskola.edu.ba\/?page_id=232","title":{"rendered":"ADMINISTRATIVNO-TEHNI\u010cKA SLU\u017dBA"},"content":{"rendered":"<p>Zaposlenici:<\/p>\n<ol>\n<li>Filipovi\u0107 Berina, mr. prava, sekretar \u0160kole;<\/li>\n<li>Camovi\u0107 Halida, administrativno-tehni\u010dki slu\u017ebenik.<\/li>\n<\/ol>\n","protected":false},"excerpt":{"rendered":"<p>Zaposlenici: Filipovi\u0107 Berina, mr. prava, sekretar \u0160kole; Camovi\u0107 Halida, administrativno-tehni\u010dki slu\u017ebenik.<\/p>\n","protected":false},"author":1,"featured_media":0,"parent":228,"menu_order":0,"comment_status":"closed","ping_status":"closed","template":"","meta":{"footnotes":""},"class_list":["post-232","page","type-page","status-publish","hentry"],"jetpack_sharing_enabled":true,"_links":{"self":[{"href":"https:\/\/ssskskola.edu.ba\/index.php?rest_route=\/wp\/v2\/pages\/232","targetHints":{"allow":["GET"]}}],"collection":[{"href":"https:\/\/ssskskola.edu.ba\/index.php?rest_route=\/wp\/v2\/pages"}],"about":[{"href":"https:\/\/ssskskola.edu.ba\/index.php?rest_route=\/wp\/v2\/types\/page"}],"author":[{"embeddable":true,"href":"https:\/\/ssskskola.edu.ba\/index.php?rest_route=\/wp\/v2\/users\/1"}],"replies":[{"embeddable":true,"href":"https:\/\/ssskskola.edu.ba\/index.php?rest_route=%2Fwp%2Fv2%2Fcomments&post=232"}],"version-history":[{"count":2,"href":"https:\/\/ssskskola.edu.ba\/index.php?rest_route=\/wp\/v2\/pages\/232\/revisions"}],"predecessor-version":[{"id":5023,"href":"https:\/\/ssskskola.edu.ba\/index.php?rest_route=\/wp\/v2\/pages\/232\/revisions\/5023"}],"up":[{"embeddable":true,"href":"https:\/\/ssskskola.edu.ba\/index.php?rest_route=\/wp\/v2\/pages\/228"}],"wp:attachment":[{"href":"https:\/\/ssskskola.edu.ba\/index.php?rest_route=%2Fwp%2Fv2%2Fmedia&parent=232"}],"curies":[{"name":"wp","href":"https:\/\/api.w.org\/{rel}","templated":true}]}}