{"id":234,"date":"2013-04-25T09:28:06","date_gmt":"2013-04-25T09:28:06","guid":{"rendered":"http:\/\/ssskskola.edu.ba\/?page_id=234"},"modified":"2019-12-26T21:47:21","modified_gmt":"2019-12-26T20:47:21","slug":"racunovodstvo","status":"publish","type":"page","link":"https:\/\/ssskskola.edu.ba\/?page_id=234","title":{"rendered":"RA\u010cUNOVODSTVO"},"content":{"rendered":"<p>Zaposlenici:<\/p>\n<ol>\n<li>Had\u017ei\u0107 Jusuf, dipl.ecc., vi\u0161i referent za plan i analizu;<\/li>\n<\/ol>\n","protected":false},"excerpt":{"rendered":"<p>Zaposlenici: Had\u017ei\u0107 Jusuf, dipl.ecc., vi\u0161i referent za plan i analizu;<\/p>\n","protected":false},"author":1,"featured_media":0,"parent":228,"menu_order":1,"comment_status":"closed","ping_status":"closed","template":"","meta":{"footnotes":""},"class_list":["post-234","page","type-page","status-publish","hentry"],"jetpack_sharing_enabled":true,"_links":{"self":[{"href":"https:\/\/ssskskola.edu.ba\/index.php?rest_route=\/wp\/v2\/pages\/234","targetHints":{"allow":["GET"]}}],"collection":[{"href":"https:\/\/ssskskola.edu.ba\/index.php?rest_route=\/wp\/v2\/pages"}],"about":[{"href":"https:\/\/ssskskola.edu.ba\/index.php?rest_route=\/wp\/v2\/types\/page"}],"author":[{"embeddable":true,"href":"https:\/\/ssskskola.edu.ba\/index.php?rest_route=\/wp\/v2\/users\/1"}],"replies":[{"embeddable":true,"href":"https:\/\/ssskskola.edu.ba\/index.php?rest_route=%2Fwp%2Fv2%2Fcomments&post=234"}],"version-history":[{"count":1,"href":"https:\/\/ssskskola.edu.ba\/index.php?rest_route=\/wp\/v2\/pages\/234\/revisions"}],"predecessor-version":[{"id":5022,"href":"https:\/\/ssskskola.edu.ba\/index.php?rest_route=\/wp\/v2\/pages\/234\/revisions\/5022"}],"up":[{"embeddable":true,"href":"https:\/\/ssskskola.edu.ba\/index.php?rest_route=\/wp\/v2\/pages\/228"}],"wp:attachment":[{"href":"https:\/\/ssskskola.edu.ba\/index.php?rest_route=%2Fwp%2Fv2%2Fmedia&parent=234"}],"curies":[{"name":"wp","href":"https:\/\/api.w.org\/{rel}","templated":true}]}}