{"id":242,"date":"2013-04-25T09:38:08","date_gmt":"2013-04-25T09:38:08","guid":{"rendered":"http:\/\/ssskskola.edu.ba\/?page_id=242"},"modified":"2013-04-25T09:38:08","modified_gmt":"2013-04-25T09:38:08","slug":"pedagoska-sluzba","status":"publish","type":"page","link":"https:\/\/ssskskola.edu.ba\/?page_id=242","title":{"rendered":"PEDAGO\u0160KA SLU\u017dBA"},"content":{"rendered":"<p>Zaposlenici:<\/p>\n<ol>\n<li>Deli\u0107 Suada, dipl.pedagog-psiholog, \u0161kolski pedagog;<\/li>\n<li>Omerba\u0161i\u0107 Ma\u0161a, dipl. psiholog, \u0161kolski psiholog;<\/li>\n<li>Red\u017ei\u0107 Lejla, dipl. scr., \u0161kolski socijalni radnik.<\/li>\n<\/ol>\n","protected":false},"excerpt":{"rendered":"<p>Zaposlenici: Deli\u0107 Suada, dipl.pedagog-psiholog, \u0161kolski pedagog; Omerba\u0161i\u0107 Ma\u0161a, dipl. psiholog, \u0161kolski psiholog; Red\u017ei\u0107 Lejla, dipl. scr., \u0161kolski socijalni radnik.<\/p>\n","protected":false},"author":1,"featured_media":0,"parent":228,"menu_order":2,"comment_status":"closed","ping_status":"closed","template":"","meta":{"footnotes":""},"class_list":["post-242","page","type-page","status-publish","hentry"],"jetpack_sharing_enabled":true,"_links":{"self":[{"href":"https:\/\/ssskskola.edu.ba\/index.php?rest_route=\/wp\/v2\/pages\/242","targetHints":{"allow":["GET"]}}],"collection":[{"href":"https:\/\/ssskskola.edu.ba\/index.php?rest_route=\/wp\/v2\/pages"}],"about":[{"href":"https:\/\/ssskskola.edu.ba\/index.php?rest_route=\/wp\/v2\/types\/page"}],"author":[{"embeddable":true,"href":"https:\/\/ssskskola.edu.ba\/index.php?rest_route=\/wp\/v2\/users\/1"}],"replies":[{"embeddable":true,"href":"https:\/\/ssskskola.edu.ba\/index.php?rest_route=%2Fwp%2Fv2%2Fcomments&post=242"}],"version-history":[{"count":0,"href":"https:\/\/ssskskola.edu.ba\/index.php?rest_route=\/wp\/v2\/pages\/242\/revisions"}],"up":[{"embeddable":true,"href":"https:\/\/ssskskola.edu.ba\/index.php?rest_route=\/wp\/v2\/pages\/228"}],"wp:attachment":[{"href":"https:\/\/ssskskola.edu.ba\/index.php?rest_route=%2Fwp%2Fv2%2Fmedia&parent=242"}],"curies":[{"name":"wp","href":"https:\/\/api.w.org\/{rel}","templated":true}]}}