{"id":45,"date":"2013-04-24T07:58:45","date_gmt":"2013-04-24T06:58:45","guid":{"rendered":"http:\/\/ssskskola.edu.ba\/?page_id=2"},"modified":"2024-10-09T16:37:31","modified_gmt":"2024-10-09T15:37:31","slug":"sample-page-2","status":"publish","type":"page","link":"https:\/\/ssskskola.edu.ba\/?page_id=45","title":{"rendered":"KONTAKT"},"content":{"rendered":"<p style=\"text-align:center;\"><span style=\"color:#0000ff;\">Dobro do\u0161li na web-stranicu <\/span><br \/>\n<span style=\"color:#0000ff;\">SREDNJE \u0160KOLE ZA SAOBRA\u0106AJ I KOMUNIKACIJE SARAJEVO.<\/span><\/p>\n<p><span style=\"color:#ff0000;\">KONTAKT PODATCI:<\/span><\/p>\n<p>Naziv \u0161kole: <span style=\"color:#993300;\"><strong>JU SREDNJA \u0160KOLA ZA SAOBRA\u0106AJ I KOMUNIKACIJE<\/strong><\/span><br \/>\nAdresa: <span style=\"color:#993300;\"><strong>Vele\u0161i\u0107i 2, 71000 Sarajevo<\/strong><\/span><br \/>\nTel.: <span style=\"color:#993300;\"><strong>033 561 940<\/strong><\/span><br \/>\nFax: <span style=\"color:#993300;\"><strong>033 561 941<\/strong><\/span><br \/>\nE-mail: <span style=\"color:#993300;\"><strong>ssskskola&#8217;et&#8217;gmail.com<\/strong><\/span><strong> (&#8216;et&#8217; zamijeniti sa @)<\/strong><\/p>\n<p><strong>Kontaktirajte nas putem e-maila:<\/strong><\/p>\n<p>[contact-form-7 id=&#8221;1825&#8243; title=&#8221;KONTAKT FORM&#8221;]<\/p>\n","protected":false},"excerpt":{"rendered":"<p>Dobro do\u0161li na web-stranicu SREDNJE \u0160KOLE ZA SAOBRA\u0106AJ I KOMUNIKACIJE SARAJEVO. KONTAKT PODATCI: Naziv \u0161kole: JU SREDNJA \u0160KOLA ZA SAOBRA\u0106AJ I KOMUNIKACIJE Adresa: Vele\u0161i\u0107i 2, 71000 Sarajevo Tel.: 033 561 940 Fax: 033 561&#46;&#46;&#46;<\/p>\n","protected":false},"author":1,"featured_media":0,"parent":0,"menu_order":0,"comment_status":"closed","ping_status":"closed","template":"","meta":{"footnotes":""},"class_list":["post-45","page","type-page","status-publish","hentry"],"jetpack_sharing_enabled":true,"_links":{"self":[{"href":"https:\/\/ssskskola.edu.ba\/index.php?rest_route=\/wp\/v2\/pages\/45","targetHints":{"allow":["GET"]}}],"collection":[{"href":"https:\/\/ssskskola.edu.ba\/index.php?rest_route=\/wp\/v2\/pages"}],"about":[{"href":"https:\/\/ssskskola.edu.ba\/index.php?rest_route=\/wp\/v2\/types\/page"}],"author":[{"embeddable":true,"href":"https:\/\/ssskskola.edu.ba\/index.php?rest_route=\/wp\/v2\/users\/1"}],"replies":[{"embeddable":true,"href":"https:\/\/ssskskola.edu.ba\/index.php?rest_route=%2Fwp%2Fv2%2Fcomments&post=45"}],"version-history":[{"count":2,"href":"https:\/\/ssskskola.edu.ba\/index.php?rest_route=\/wp\/v2\/pages\/45\/revisions"}],"predecessor-version":[{"id":9647,"href":"https:\/\/ssskskola.edu.ba\/index.php?rest_route=\/wp\/v2\/pages\/45\/revisions\/9647"}],"wp:attachment":[{"href":"https:\/\/ssskskola.edu.ba\/index.php?rest_route=%2Fwp%2Fv2%2Fmedia&parent=45"}],"curies":[{"name":"wp","href":"https:\/\/api.w.org\/{rel}","templated":true}]}}