{"id":50,"date":"2013-04-24T09:37:54","date_gmt":"2013-04-24T09:37:54","guid":{"rendered":"http:\/\/ssskskola.edu.ba\/?page_id=50"},"modified":"2013-04-24T09:37:54","modified_gmt":"2013-04-24T09:37:54","slug":"zanimanja-iv-stepena","status":"publish","type":"page","link":"https:\/\/ssskskola.edu.ba\/?page_id=50","title":{"rendered":"ZANIMANJA IV STEPENA"},"content":{"rendered":"<div>\n<div>\n<p>JU SREDNJA \u0160KOLA ZA SAOBRA\u0106AJ I KOMUNIKACIJE UPISUJE I OBRAZUJE SLJEDE\u0106A ZANIMANJA \u010cETVRTOG STEPENA ZA REDOVNE U\u010cENIKE:<\/p>\n<ol>\n<li><a title=\"TDS \u2013 OP\u0106E\" href=\"https:\/\/ssskskola.edu.ba\/?page_id=65\">TEHNI\u010cAR DRUMSKOG SAOBRA\u0106AJA \u2013 OP\u0106E<\/a><\/li>\n<li><a title=\"TDS \u2013 UNUTRA\u0160NJI TRANSPORT\" href=\"https:\/\/ssskskola.edu.ba\/?page_id=67\">TEHNI\u010cAR DRUMSKOG SAOBRA\u0106AJA \u2013 UNUTRA\u0160NJI TRANSPORT<\/a><\/li>\n<li><a title=\"PTT \u2013 PO\u0160TANSKE TEHNOLOGIJE\" href=\"https:\/\/ssskskola.edu.ba\/?page_id=69\">TEHNI\u010cAR PTT SAOBRA\u0106AJA \u2013 PO\u0160TANSKE TEHNOLOGIJE<\/a><\/li>\n<li><a title=\"PTT \u2013 KOMUNIKACIONE TEHNOLOGIJE\" href=\"https:\/\/ssskskola.edu.ba\/?page_id=71\">TEHNI\u010cAR PTT SAOBRA\u0106AJA \u2013 KOMUNIKACIONE TEHNOLOGIJE<\/a><\/li>\n<\/ol>\n<\/div>\n<\/div>\n","protected":false},"excerpt":{"rendered":"<p>JU SREDNJA \u0160KOLA ZA SAOBRA\u0106AJ I KOMUNIKACIJE UPISUJE I OBRAZUJE SLJEDE\u0106A ZANIMANJA \u010cETVRTOG STEPENA ZA REDOVNE U\u010cENIKE: TEHNI\u010cAR DRUMSKOG SAOBRA\u0106AJA \u2013 OP\u0106E TEHNI\u010cAR DRUMSKOG SAOBRA\u0106AJA \u2013 UNUTRA\u0160NJI TRANSPORT TEHNI\u010cAR PTT SAOBRA\u0106AJA \u2013 PO\u0160TANSKE TEHNOLOGIJE&#46;&#46;&#46;<\/p>\n","protected":false},"author":1,"featured_media":0,"parent":387,"menu_order":0,"comment_status":"closed","ping_status":"closed","template":"","meta":{"footnotes":""},"class_list":["post-50","page","type-page","status-publish","hentry"],"jetpack_sharing_enabled":true,"_links":{"self":[{"href":"https:\/\/ssskskola.edu.ba\/index.php?rest_route=\/wp\/v2\/pages\/50","targetHints":{"allow":["GET"]}}],"collection":[{"href":"https:\/\/ssskskola.edu.ba\/index.php?rest_route=\/wp\/v2\/pages"}],"about":[{"href":"https:\/\/ssskskola.edu.ba\/index.php?rest_route=\/wp\/v2\/types\/page"}],"author":[{"embeddable":true,"href":"https:\/\/ssskskola.edu.ba\/index.php?rest_route=\/wp\/v2\/users\/1"}],"replies":[{"embeddable":true,"href":"https:\/\/ssskskola.edu.ba\/index.php?rest_route=%2Fwp%2Fv2%2Fcomments&post=50"}],"version-history":[{"count":0,"href":"https:\/\/ssskskola.edu.ba\/index.php?rest_route=\/wp\/v2\/pages\/50\/revisions"}],"up":[{"embeddable":true,"href":"https:\/\/ssskskola.edu.ba\/index.php?rest_route=\/wp\/v2\/pages\/387"}],"wp:attachment":[{"href":"https:\/\/ssskskola.edu.ba\/index.php?rest_route=%2Fwp%2Fv2%2Fmedia&parent=50"}],"curies":[{"name":"wp","href":"https:\/\/api.w.org\/{rel}","templated":true}]}}