{"id":65,"date":"2013-04-24T09:44:03","date_gmt":"2013-04-24T09:44:03","guid":{"rendered":"http:\/\/ssskskola.edu.ba\/?page_id=65"},"modified":"2021-12-23T09:20:02","modified_gmt":"2021-12-23T08:20:02","slug":"tds-opce","status":"publish","type":"page","link":"https:\/\/ssskskola.edu.ba\/?page_id=65","title":{"rendered":"TDS &#8211; OP\u0106E"},"content":{"rendered":"<div>\n<p>Zanimanje <strong>Tehni\u010dar drumskog saobra\u0107aj \u2013 op\u0107e<\/strong> ima sljede\u0107i plan i program:<\/p>\n<p>PRVI RAZRED<\/p>\n<ol>\n<li>BOSANSKI, HRVATSKI, SRPSKI JEZIK I KNJI\u017dEVNOST<\/li>\n<li>STRANI JEZIK<\/li>\n<li>TJELESNI I ZDRAVSTVENI ODGOJ \u2013 SPORT<\/li>\n<li>HISTORIJA\/POVIJEST<\/li>\n<li>INFORMATIKA<\/li>\n<li>MATEMATIKA<\/li>\n<li>FIZIKA<\/li>\n<li>HEMIJA<\/li>\n<li>TEHNI\u010cKO CRTANJE SA NACRTNOM GEOMETRIJOM<\/li>\n<li>TEHNI\u010cKA MEHANIKA<\/li>\n<li>TEHNOLOGIJA MATERIJALA I ROBA U TRANSPORTU<\/li>\n<li>OSNOVI DRUMSKOG SAOBRA\u0106AJA<\/li>\n<li>LABORATORIJSKE VJE\u017dBE<\/li>\n<\/ol>\n<p>DRUGI RAZRED<\/p>\n<ol>\n<li>BOSANSKI, HRVATSKI, SRPSKI JEZIK I KNJI\u017dEVNOST<\/li>\n<li>STRANI JEZIK<\/li>\n<li>TJELESNI I ZDRAVSTVENI ODGOJ \u2013 SPORT<\/li>\n<li>HISTORIJA\/POVIJEST<\/li>\n<li>INFORMATIKA<\/li>\n<li>MATEMATIKA<\/li>\n<li>FIZIKA<\/li>\n<li>SAOBRA\u0106AJNA GEOGRAFIJA<\/li>\n<li>TEHNI\u010cKA MEHANIKA<\/li>\n<li>MA\u0160INSKI ELEMENTI<\/li>\n<li>MOTORNA VOZILA<\/li>\n<li>LABORATORIJSKE VJE\u017dBE<\/li>\n<\/ol>\n<p>TRE\u0106I RAZRED<\/p>\n<ol>\n<li>BOSANSKI, HRVATSKI, SRPSKI JEZIK I KNJI\u017dEVNOST<\/li>\n<li>STRANI JEZIK<\/li>\n<li>TJELESNI I ZDRAVSTVENI ODGOJ \u2013 SPORT<\/li>\n<li>GRA\u0110ANSKO OBRAZOVANJE\/DEMOKRATIJA I LJUDSKA PRAVA<\/li>\n<li>MATEMATIKA<\/li>\n<li>ORGANIZACIJA PREVOZA ROBE I PUTNIKA<\/li>\n<li>BEZBJEDNOST DRUMSKOG SAOBRA\u0106AJA<\/li>\n<li>DRUMSKE SOBRA\u0106AJNICE<\/li>\n<li>MOTORI SUS<\/li>\n<li>ROBNOTRANSPORTNE MANIPULACIJE<\/li>\n<li>INFORMACIONE TEHNOLOGIJE<\/li>\n<li>LABORATORIJSKE VJE\u017dBE<\/li>\n<\/ol>\n<p>\u010cETVRTI RAZRED<\/p>\n<ol>\n<li>BOSANSKI, HRVATSKI, SRPSKI JEZIK I KNJI\u017dEVNOST<\/li>\n<li>STRANI JEZIK<\/li>\n<li>TJELESNI I ZDRAVSTVENI ODGOJ \u2013 SPORT<\/li>\n<li>SOCIOLOGIJA<\/li>\n<li>MATEMATIKA<\/li>\n<li>ORGANIZACIJA PREVOZA ROBE I PUTNIKA<\/li>\n<li>BEZBJEDNOST DRUMSKOG SAOBRA\u0106AJA<\/li>\n<li>DINAMIKA MOTORNIH VOZILA<\/li>\n<li>EKONOMIKA DRUMSKOG SAOBRA\u0106AJA<\/li>\n<li>AUTOBAZE I AUTOSTANICE<\/li>\n<li>LABORATORIJSKE VJE\u017dBE<\/li>\n<\/ol>\n<p>MATURSKI ISPIT<\/p>\n<ol>\n<li>MATURSKI RAD<\/li>\n<li>USMENA ODBRANA MATURSKOG RADA<\/li>\n<li>BOSANSKI, HRVATSKI, SRPSKI JEZIK I KNJI\u017dEVNOST (ESEJ)<\/li>\n<\/ol>\n<\/div>\n","protected":false},"excerpt":{"rendered":"<p>Zanimanje Tehni\u010dar drumskog saobra\u0107aj \u2013 op\u0107e ima sljede\u0107i plan i program: PRVI RAZRED BOSANSKI, HRVATSKI, SRPSKI JEZIK I KNJI\u017dEVNOST STRANI JEZIK TJELESNI I ZDRAVSTVENI ODGOJ \u2013 SPORT HISTORIJA\/POVIJEST INFORMATIKA MATEMATIKA FIZIKA HEMIJA TEHNI\u010cKO CRTANJE&#46;&#46;&#46;<\/p>\n","protected":false},"author":1,"featured_media":2155,"parent":50,"menu_order":0,"comment_status":"closed","ping_status":"closed","template":"","meta":{"footnotes":""},"class_list":["post-65","page","type-page","status-publish","has-post-thumbnail","hentry"],"jetpack_sharing_enabled":true,"_links":{"self":[{"href":"https:\/\/ssskskola.edu.ba\/index.php?rest_route=\/wp\/v2\/pages\/65","targetHints":{"allow":["GET"]}}],"collection":[{"href":"https:\/\/ssskskola.edu.ba\/index.php?rest_route=\/wp\/v2\/pages"}],"about":[{"href":"https:\/\/ssskskola.edu.ba\/index.php?rest_route=\/wp\/v2\/types\/page"}],"author":[{"embeddable":true,"href":"https:\/\/ssskskola.edu.ba\/index.php?rest_route=\/wp\/v2\/users\/1"}],"replies":[{"embeddable":true,"href":"https:\/\/ssskskola.edu.ba\/index.php?rest_route=%2Fwp%2Fv2%2Fcomments&post=65"}],"version-history":[{"count":1,"href":"https:\/\/ssskskola.edu.ba\/index.php?rest_route=\/wp\/v2\/pages\/65\/revisions"}],"predecessor-version":[{"id":6868,"href":"https:\/\/ssskskola.edu.ba\/index.php?rest_route=\/wp\/v2\/pages\/65\/revisions\/6868"}],"up":[{"embeddable":true,"href":"https:\/\/ssskskola.edu.ba\/index.php?rest_route=\/wp\/v2\/pages\/50"}],"wp:featuredmedia":[{"embeddable":true,"href":"https:\/\/ssskskola.edu.ba\/index.php?rest_route=\/wp\/v2\/media\/2155"}],"wp:attachment":[{"href":"https:\/\/ssskskola.edu.ba\/index.php?rest_route=%2Fwp%2Fv2%2Fmedia&parent=65"}],"curies":[{"name":"wp","href":"https:\/\/api.w.org\/{rel}","templated":true}]}}