{"id":69,"date":"2013-04-24T09:45:16","date_gmt":"2013-04-24T09:45:16","guid":{"rendered":"http:\/\/ssskskola.edu.ba\/?page_id=69"},"modified":"2021-12-23T09:13:55","modified_gmt":"2021-12-23T08:13:55","slug":"ptt-postanske-tehnologije","status":"publish","type":"page","link":"https:\/\/ssskskola.edu.ba\/?page_id=69","title":{"rendered":"PTT &#8211; PO\u0160TANSKE TEHNOLOGIJE"},"content":{"rendered":"<div>\n<p>Zanimanje <strong>Tehni\u010dar ptt saobra\u0107aja \u2013 po\u0161tanske tehnologije<\/strong> ima sljede\u0107i plan i program:<\/p>\n<p>PRVI RAZRED<\/p>\n<ol>\n<li>BOSANSKI, HRVATSKI, SRPSKI JEZIK I KNJI\u017dEVNOST<\/li>\n<li>STRANI JEZIK<\/li>\n<li>TJELESNI I ZDRAVSTVENI ODGOJ \u2013 SPORT<\/li>\n<li>HISTORIJA\/POVIJEST<\/li>\n<li>INFORMATIKA<\/li>\n<li>MATEMATIKA<\/li>\n<li>FIZIKA<\/li>\n<li>HEMIJA<\/li>\n<li>\n<h4>PRIJEVOZNA I PRENOSNA SREDSTVA U PO\u0160TANSKOM I KOMUNIKACIJSKOM SAOBRA\u0106AJU<\/h4>\n<\/li>\n<li>EKONOMIKA PREDUZE\u0106A<\/li>\n<li>OSNOVE PO\u0160TANSKOG I KOMUNIKACIJSKOG SAOBRA\u0106AJA<\/li>\n<li>OSNOVE ELEKTROTEHNIKE<\/li>\n<li>LABORATORIJSKE VJE\u017dBE<\/li>\n<\/ol>\n<p>DRUGI RAZRED<\/p>\n<ol>\n<li>BOSANSKI, HRVATSKI, SRPSKI JEZIK I KNJI\u017dEVNOST<\/li>\n<li>STRANI JEZIK<\/li>\n<li>TJELESNI I ZDRAVSTVENI ODGOJ \u2013 SPORT<\/li>\n<li>HISTORIJA\/POVIJEST<\/li>\n<li>INFORMATIKA<\/li>\n<li>MATEMATIKA<\/li>\n<li>FIZIKA<\/li>\n<li>SAOBRA\u0106AJNA GEOGRAFIJA<\/li>\n<li>OSNOVE PO\u0160TANSKOG SAOBRA\u0106AJA<\/li>\n<li>EKONOMSKA MATEMATIKA<\/li>\n<li>TEHNOLOGIJA PO\u0160TANSKOG SAOBRA\u0106AJA<\/li>\n<li>EKONOMIKA TRANSPORTNIH I KOMUNIKACIONIH SISTEMA<\/li>\n<li>LABORATORIJSKE VJE\u017dBE<\/li>\n<\/ol>\n<p>TRE\u0106I RAZRED<\/p>\n<ol>\n<li>BOSANSKI, HRVATSKI, SRPSKI JEZIK I KNJI\u017dEVNOST<\/li>\n<li>STRANI JEZIK<\/li>\n<li>TJELESNI I ZDRAVSTVENI ODGOJ \u2013 SPORT<\/li>\n<li>GRA\u0110ANSKO OBRAZOVANJE\/DEMOKRATIJA I LJUDSKA PRAVA<\/li>\n<li>MATEMATIKA<\/li>\n<li>EKONOMSKA MATEMATIKA<\/li>\n<li>FRANCUSKI JEZIK<\/li>\n<li>KULTURA KOMUNICIRANJA<\/li>\n<li>PLANIRANJE PO\u0160TANSKOG SAOBRA\u0106AJA<\/li>\n<li>MENAD\u017dMENT<\/li>\n<li>NOV\u010cANO POSLOVANJE<\/li>\n<li>TEHNOLOGIJA PO\u0160TANSKOG SAOBRA\u0106AJA<\/li>\n<li>TEHNIKA PO\u0160TANSKOG SAOBRA\u0106AJA<\/li>\n<li>LABORATORIJSKE VJE\u017dBE<\/li>\n<\/ol>\n<p>\u010cETVRTI RAZRED<\/p>\n<ol>\n<li>BOSANSKI, HRVATSKI, SRPSKI JEZIK I KNJI\u017dEVNOST<\/li>\n<li>STRANI JEZIK<\/li>\n<li>TJELESNI I ZDRAVSTVENI ODGOJ \u2013 SPORT<\/li>\n<li>SOCIOLOGIJA<\/li>\n<li>MATEMATIKA<\/li>\n<li>TEHNOLOGIJA PO\u0160TANSKOG SAOBRA\u0106AJA<\/li>\n<li>TEHNIKA PO\u0160TANSKOG SAOBRA\u0106AJA<\/li>\n<li>SIGURNOST PO\u0160TANSKOG SAOBRA\u0106AJA<\/li>\n<li>MARKETING<\/li>\n<li>INFRASTRUKTURA I ODR\u017dAVANJE PO\u0160TANKOG SAOBRA\u0106AJA<\/li>\n<li>INFORMACIONI SISTEMI U SAOBRA\u0106AJU I KOMUNIKACIJAMA<\/li>\n<li>UPRAVLJANJE KVALITETOM USLUGA<\/li>\n<li>FRANCUSKI JEZIK<\/li>\n<li>LABORATORIJSKE VJE\u017dBE<\/li>\n<\/ol>\n<p>MATURSKI ISPIT<\/p>\n<ol>\n<li>MATURSKI RAD<\/li>\n<li>USMENA ODBRANA MATURSKOG RADA<\/li>\n<li>BOSANSKI, HRVATSKI, SRPSKI JEZIK I KNJI\u017dEVNOST (ESEJ)<\/li>\n<\/ol>\n<\/div>\n","protected":false},"excerpt":{"rendered":"<p>Zanimanje Tehni\u010dar ptt saobra\u0107aja \u2013 po\u0161tanske tehnologije ima sljede\u0107i plan i program: PRVI RAZRED BOSANSKI, HRVATSKI, SRPSKI JEZIK I KNJI\u017dEVNOST STRANI JEZIK TJELESNI I ZDRAVSTVENI ODGOJ \u2013 SPORT HISTORIJA\/POVIJEST INFORMATIKA MATEMATIKA FIZIKA HEMIJA PRIJEVOZNA&#46;&#46;&#46;<\/p>\n","protected":false},"author":1,"featured_media":2161,"parent":50,"menu_order":2,"comment_status":"closed","ping_status":"closed","template":"","meta":{"footnotes":""},"class_list":["post-69","page","type-page","status-publish","has-post-thumbnail","hentry"],"jetpack_sharing_enabled":true,"_links":{"self":[{"href":"https:\/\/ssskskola.edu.ba\/index.php?rest_route=\/wp\/v2\/pages\/69","targetHints":{"allow":["GET"]}}],"collection":[{"href":"https:\/\/ssskskola.edu.ba\/index.php?rest_route=\/wp\/v2\/pages"}],"about":[{"href":"https:\/\/ssskskola.edu.ba\/index.php?rest_route=\/wp\/v2\/types\/page"}],"author":[{"embeddable":true,"href":"https:\/\/ssskskola.edu.ba\/index.php?rest_route=\/wp\/v2\/users\/1"}],"replies":[{"embeddable":true,"href":"https:\/\/ssskskola.edu.ba\/index.php?rest_route=%2Fwp%2Fv2%2Fcomments&post=69"}],"version-history":[{"count":1,"href":"https:\/\/ssskskola.edu.ba\/index.php?rest_route=\/wp\/v2\/pages\/69\/revisions"}],"predecessor-version":[{"id":6864,"href":"https:\/\/ssskskola.edu.ba\/index.php?rest_route=\/wp\/v2\/pages\/69\/revisions\/6864"}],"up":[{"embeddable":true,"href":"https:\/\/ssskskola.edu.ba\/index.php?rest_route=\/wp\/v2\/pages\/50"}],"wp:featuredmedia":[{"embeddable":true,"href":"https:\/\/ssskskola.edu.ba\/index.php?rest_route=\/wp\/v2\/media\/2161"}],"wp:attachment":[{"href":"https:\/\/ssskskola.edu.ba\/index.php?rest_route=%2Fwp%2Fv2%2Fmedia&parent=69"}],"curies":[{"name":"wp","href":"https:\/\/api.w.org\/{rel}","templated":true}]}}