{"id":78,"date":"2013-04-24T09:48:02","date_gmt":"2013-04-24T09:48:02","guid":{"rendered":"http:\/\/ssskskola.edu.ba\/?page_id=78"},"modified":"2013-04-24T09:48:02","modified_gmt":"2013-04-24T09:48:02","slug":"automehanicar","status":"publish","type":"page","link":"https:\/\/ssskskola.edu.ba\/?page_id=78","title":{"rendered":"AUTOMEHANI\u010cAR"},"content":{"rendered":"<div>\n<p>Zanimanje <strong>Automehani\u010dar<\/strong> ima sljede\u0107i plan i program:<\/p>\n<p>PRVI RAZRED<\/p>\n<ol>\n<li>BOSANSKI, HRVATSKI, SRPSKI JEZIK I KNJI\u017dEVNOST<\/li>\n<li>STRANI JEZIK<\/li>\n<li>TJELESNI I ZDRAVSTVENI ODGOJ \u2013 SPORT<\/li>\n<li>HISTORIJA\/POVIJEST<\/li>\n<li>INFORMATIKA<\/li>\n<li>MATEMATIKA<\/li>\n<li>FIZIKA<\/li>\n<li>TEHNI\u010cKO CRTANJE<\/li>\n<li>TEHNI\u010cKA MEHANIKA<\/li>\n<li>MA\u0160INSKI MATERIJALI<\/li>\n<li>PRAKTI\u010cNA NASTAVA<\/li>\n<\/ol>\n<p>DRUGI RAZRED<\/p>\n<ol>\n<li>BOSANSKI, HRVATSKI, SRPSKI JEZIK I KNJI\u017dEVNOST<\/li>\n<li>STRANI JEZIK<\/li>\n<li>TJELESNI I ZDRAVSTVENI ODGOJ \u2013 SPORT<\/li>\n<li>EKONOMIKA I ORGANIZACIJA POSLOVANJA<\/li>\n<li>MATEMATIKA<\/li>\n<li>TEHNOLOGIJA OBRADE<\/li>\n<li>MA\u0160INSKI ELEMENTI<\/li>\n<li>MOTORI SUS<\/li>\n<li>PRAKTI\u010cNA NASTAVA<\/li>\n<\/ol>\n<p>TRE\u0106I RAZRED<\/p>\n<ol>\n<li>BOSANSKI, HRVATSKI, SRPSKI JEZIK I KNJI\u017dEVNOST<\/li>\n<li>TJELESNI I ZDRAVSTVENI ODGOJ \u2013 SPORT<\/li>\n<li>GRA\u0110ANSKO OBRAZOVANJE\/DEMOKRATIJA I LJUDSKA PRAVA<\/li>\n<li>MATEMATIKA<\/li>\n<li>MOTORNA VOZILA<\/li>\n<li>REMONT I ODR\u017dAVANJE MOTORA I MOTORNIH VOZILA<\/li>\n<li>PRAKTI\u010cNA NASTAVA<\/li>\n<\/ol>\n<p>ZAVR\u0160NI ISPIT<\/p>\n<ol>\n<li>PRAKTI\u010cNI RAD<\/li>\n<li>USMENA ODBRANA PRAKTI\u010cNOG RADA<\/li>\n<li>BOSANSKI, HRVATSKI, SRPSKI JEZIK I KNJI\u017dEVNOST (ESEJ)<\/li>\n<\/ol>\n<\/div>\n","protected":false},"excerpt":{"rendered":"<p>Zanimanje Automehani\u010dar ima sljede\u0107i plan i program: PRVI RAZRED BOSANSKI, HRVATSKI, SRPSKI JEZIK I KNJI\u017dEVNOST STRANI JEZIK TJELESNI I ZDRAVSTVENI ODGOJ \u2013 SPORT HISTORIJA\/POVIJEST INFORMATIKA MATEMATIKA FIZIKA TEHNI\u010cKO CRTANJE TEHNI\u010cKA MEHANIKA MA\u0160INSKI MATERIJALI PRAKTI\u010cNA&#46;&#46;&#46;<\/p>\n","protected":false},"author":1,"featured_media":0,"parent":53,"menu_order":0,"comment_status":"closed","ping_status":"closed","template":"","meta":{"footnotes":""},"class_list":["post-78","page","type-page","status-publish","hentry"],"jetpack_sharing_enabled":true,"_links":{"self":[{"href":"https:\/\/ssskskola.edu.ba\/index.php?rest_route=\/wp\/v2\/pages\/78","targetHints":{"allow":["GET"]}}],"collection":[{"href":"https:\/\/ssskskola.edu.ba\/index.php?rest_route=\/wp\/v2\/pages"}],"about":[{"href":"https:\/\/ssskskola.edu.ba\/index.php?rest_route=\/wp\/v2\/types\/page"}],"author":[{"embeddable":true,"href":"https:\/\/ssskskola.edu.ba\/index.php?rest_route=\/wp\/v2\/users\/1"}],"replies":[{"embeddable":true,"href":"https:\/\/ssskskola.edu.ba\/index.php?rest_route=%2Fwp%2Fv2%2Fcomments&post=78"}],"version-history":[{"count":0,"href":"https:\/\/ssskskola.edu.ba\/index.php?rest_route=\/wp\/v2\/pages\/78\/revisions"}],"up":[{"embeddable":true,"href":"https:\/\/ssskskola.edu.ba\/index.php?rest_route=\/wp\/v2\/pages\/53"}],"wp:attachment":[{"href":"https:\/\/ssskskola.edu.ba\/index.php?rest_route=%2Fwp%2Fv2%2Fmedia&parent=78"}],"curies":[{"name":"wp","href":"https:\/\/api.w.org\/{rel}","templated":true}]}}